{"id":6144,"date":"2021-11-17T19:28:23","date_gmt":"2021-11-17T19:28:23","guid":{"rendered":"https:\/\/acquisitex.com\/?page_id=6144"},"modified":"2021-11-30T20:02:53","modified_gmt":"2021-11-30T20:02:53","slug":"disclaimer","status":"publish","type":"page","link":"https:\/\/acquisitex.com\/fr\/disclaimer\/","title":{"rendered":"Clause de non-responsabilit\u00e9"},"content":{"rendered":"<p>Tous les \u00e9l\u00e9ments, articles, textes, illustrations, graphiques, images, photographies, visites virtuelles, informations, clips audio ou vid\u00e9o, donn\u00e9es, bases de donn\u00e9es, cartes, fichiers, logiciels et codes disponibles sur le Site Web (le \u00ab\u00a0Contenu\u00a0\u00bb), y compris la mani\u00e8re dans lequel le Contenu est pr\u00e9sent\u00e9, sont prot\u00e9g\u00e9s par les lois canadiennes et \u00e9trang\u00e8res, y compris les lois sur le droit d&#039;auteur, et appartiennent \u00e0 Acquisitex Real Estate Inc., ses soci\u00e9t\u00e9s affili\u00e9es, conc\u00e9dants et\/ou la partie reconnue comme fournisseur de Contenu.<\/p>\n<h5>Vous ne devez pas\u00a0:<\/h5>\n<ul>\n<li>copier, reproduire, modifier, adapter, traduire, t\u00e9l\u00e9charger, distribuer ou transmettre tout ou partie du Contenu\u00a0;<\/li>\n<li>effectuer du &quot;data scraping&quot;, du &quot;database scraping&quot; ou toute autre activit\u00e9 destin\u00e9e \u00e0 collecter, stocker, r\u00e9organiser ou manipuler des donn\u00e9es du Site Web ou de toute partie du Contenu sous quelque forme et par quelque moyen que ce soit\u00a0;<\/li>\n<li>vendre, louer, conc\u00e9der sous licence ou autrement utiliser le contenu \u00e0 des fins commerciales, publiques ou non personnelles\u00a0;<\/li>\n<li>modifier, supprimer ou couvrir toute marque de commerce ou avis de propri\u00e9t\u00e9 inclus dans le contenu\u00a0;<\/li>\n<li>d\u00e9compiler, d\u00e9sassembler, d\u00e9crypter, extraire ou d\u00e9sosser le Site et ses composants, y compris notamment le Contenu, ou aider quiconque \u00e0 le faire\u00a0; ou<\/li>\n<li>utiliser le site Web d&#039;une mani\u00e8re qui pourrait endommager, alt\u00e9rer, surcharger, d\u00e9sactiver ou autrement affecter le site Web ou tout service, compte, serveur, r\u00e9seau, ressource, li\u00e9 ou accessible via le site Web.<\/li>\n<\/ul>","protected":false},"excerpt":{"rendered":"<p>All material, articles, text, illustrations, graphics, images, photographs, virtual tours, information, audio or video clips, data, databases, maps, files, software and codes available on the Website (the \u201cContent\u201d), including the manner in which the Content is presented, are protected by Canadian and foreign law, including copyright law, and belong to Acquisitex Real Estate Inc., its [&hellip;]<\/p>","protected":false},"author":5,"featured_media":0,"parent":0,"menu_order":0,"comment_status":"closed","ping_status":"closed","template":"","meta":[],"_links":{"self":[{"href":"https:\/\/acquisitex.com\/fr\/wp-json\/wp\/v2\/pages\/6144"}],"collection":[{"href":"https:\/\/acquisitex.com\/fr\/wp-json\/wp\/v2\/pages"}],"about":[{"href":"https:\/\/acquisitex.com\/fr\/wp-json\/wp\/v2\/types\/page"}],"author":[{"embeddable":true,"href":"https:\/\/acquisitex.com\/fr\/wp-json\/wp\/v2\/users\/5"}],"replies":[{"embeddable":true,"href":"https:\/\/acquisitex.com\/fr\/wp-json\/wp\/v2\/comments?post=6144"}],"version-history":[{"count":2,"href":"https:\/\/acquisitex.com\/fr\/wp-json\/wp\/v2\/pages\/6144\/revisions"}],"predecessor-version":[{"id":6206,"href":"https:\/\/acquisitex.com\/fr\/wp-json\/wp\/v2\/pages\/6144\/revisions\/6206"}],"wp:attachment":[{"href":"https:\/\/acquisitex.com\/fr\/wp-json\/wp\/v2\/media?parent=6144"}],"curies":[{"name":"wp","href":"https:\/\/api.w.org\/{rel}","templated":true}]}}