{"id":6143,"date":"2021-11-17T19:28:04","date_gmt":"2021-11-17T19:28:04","guid":{"rendered":"https:\/\/acquisitex.com\/?page_id=6143"},"modified":"2021-11-30T20:05:56","modified_gmt":"2021-11-30T20:05:56","slug":"terms-conditions","status":"publish","type":"page","link":"https:\/\/acquisitex.com\/fr\/terms-conditions\/","title":{"rendered":"termes et conditions"},"content":{"rendered":"<h4>Termes et conditions<\/h4>\n<p>Bienvenue sur le site Web www.acquisitex.com (collectivement le \u00ab site Web \u00bb), qui est d\u00e9tenu et administr\u00e9 par Acquisitex Real Estate Inc. Ces termes et conditions (les \u00ab termes et conditions \u00bb) r\u00e9gissent l&#039;utilisation de www.acquisitex.com (le &#039;&#039;Site Web&#039;&#039;) et constituent un accord l\u00e9gal entre vous et Acquisitex Immobilier Inc. concernant l&#039;acc\u00e8s et l&#039;utilisation du Site Web. VEUILLEZ LIRE ATTENTIVEMENT LES CONDITIONS G\u00c9N\u00c9RALES avant de naviguer sur le site Web ou d&#039;utiliser les services qu&#039;il d\u00e9crit (les \u00ab Services \u00bb). En utilisant ce site Web, vous indiquez que vous avez lu et compris ces conditions g\u00e9n\u00e9rales et que vous acceptez de les respecter en tout temps. Vous n&#039;\u00eates pas autoris\u00e9 \u00e0 utiliser le site Web si vous ne reconnaissez pas ces termes et conditions.<\/p>\n<h4>Acceptation des conditions d&#039;utilisation<\/h4>\n<p>Chaque fois que vous naviguez sur le site Web ou utilisez l&#039;un des services, vous acceptez d&#039;\u00eatre li\u00e9 par les conditions d&#039;utilisation. SI VOUS NE VOULEZ PAS ACCEPTER LES CONDITIONS D&#039;UTILISATION, VOUS NE DEVEZ PAS UTILISER LE SITE WEB OU LES SERVICES. Acquisitex Real Estate Inc. peut modifier les conditions d&#039;utilisation \u00e0 tout moment, \u00e0 son enti\u00e8re discr\u00e9tion. Votre utilisation du site Web et \/ ou des services, apr\u00e8s la publication d&#039;un amendement, sera r\u00e9put\u00e9e signifier votre acceptation des conditions d&#039;utilisation r\u00e9vis\u00e9es. Nous vous demandons de consulter r\u00e9guli\u00e8rement cette page. Acquisitex Real Estate Inc. se r\u00e9serve le droit d&#039;annuler les conditions d&#039;utilisation et\/ou votre droit de naviguer et d&#039;utiliser tout ou partie du site Web ou des services, sans pr\u00e9avis, \u00e0 son enti\u00e8re discr\u00e9tion.<\/p>\n<h4>Consultatif<\/h4>\n<p>Le Site a pour objet d&#039;aider les utilisateurs \u00e0 vendre ou \u00e0 louer leurs biens (les \u00ab Biens \u00bb) avec OR sans passer par un tiers. Il appartient \u00e0 l&#039;utilisateur de d\u00e9cider s&#039;il souhaite ou non effectuer une \u00e9ventuelle transaction par l&#039;interm\u00e9diaire d&#039;un tiers. Si un vendeur et un acheteur ou un bailleur et un locataire d\u00e9cident de conclure une \u00e9ventuelle transaction, il est \u00e0 noter qu&#039;Acquisitex Immobilier Inc. ne fera pas partie de la transaction.<br \/>\nACQUISITEX IMMOBILIER INC. NE FOURNIT PAS, ET LES SERVICES NE SONT PAS DESTIN\u00c9S \u00c0 FOURNIR DES CONSEILS FINANCIERS OU IMMOBILIERS. ACQUISITEX IMMOBILIER INC. N&#039;EST PAS UN COURTIER FINANCIER OU IMMOBILIER OU UN PR\u00caTEUR.<br \/>\nLe num\u00e9ro de t\u00e9l\u00e9phone affich\u00e9 sur l&#039;annonce doit \u00eatre celui du propri\u00e9taire ou du bailleur, respectivement et dans le cas o\u00f9 la vente ou la location d&#039;une Propri\u00e9t\u00e9 est confi\u00e9e \u00e0 un tiers, il n&#039;est pas permis de r\u00e9f\u00e9rer des acheteurs ou des locataires potentiels \u00e0 ce tiers par l&#039;interm\u00e9diaire du contenu de l&#039;annonce (e-mail, num\u00e9ro de t\u00e9l\u00e9phone, description, etc.), faute de quoi l&#039;annonce sera supprim\u00e9e du Site sans remboursement.<\/p>\n<p>Bien qu&#039;Immobilier Acquisitex Inc. s&#039;efforce de faire de son mieux pour assurer la s\u00e9curit\u00e9 du site Web et maintenir son int\u00e9grit\u00e9, Immobilier Acquisitex Inc. NE DONNE AUCUNE GARANTIE OU REPR\u00c9SENTATION QUELLE QU&#039;ELLE SOIT CONCERNANT LES PROPRI\u00c9T\u00c9S, LA VALIDIT\u00c9 OU L&#039;EXACTITUDE DE LEURS DESCRIPTIONS OU LA CAPACIT\u00c9 DES VENDEURS OU BAILLEURS POUR VENDRE OU LOUER LEURS PROPRI\u00c9T\u00c9S OU DES ACHETEURS OU LOCATAIRES POUR LES ACHETER OU LES LOUER.<\/p>\n<p>De temps \u00e0 autre, le site Web peut fournir des informations sur les divers aspects de la vente et de la location d&#039;une propri\u00e9t\u00e9 (&quot;Informations&quot;). Ces informations sont fournies uniquement \u00e0 des fins \u00e9ducatives et ne doivent en aucun cas \u00eatre interpr\u00e9t\u00e9es comme un conseil, un avis, une recommandation ou un plan d&#039;action. Le site Web et son utilisation ne sont pas destin\u00e9s \u00e0 remplacer et ne remplacent pas la consultation d&#039;un professionnel qualifi\u00e9, le cas \u00e9ch\u00e9ant.<\/p>\n<h4>Comptes<\/h4>\n<p>Lorsque vous cr\u00e9ez un compte sur notre site Web, vous acceptez ce qui suit\u00a0:<\/p>\n<ul>\n<li>Vous \u00eates seul responsable de votre compte et de la s\u00e9curit\u00e9 et de la confidentialit\u00e9 de votre compte, y compris des mots de passe ou des informations sensibles attach\u00e9es \u00e0 ce compte\u00a0; et<\/li>\n<li>Toutes les informations personnelles que vous nous fournissez via votre compte sont \u00e0 jour, exactes et v\u00e9ridiques et que vous mettrez \u00e0 jour vos informations personnelles si elles changent.<\/li>\n<\/ul>\n<p>Nous nous r\u00e9servons le droit de suspendre ou de r\u00e9silier votre compte si vous utilisez notre site Web ill\u00e9galement ou si vous violez les pr\u00e9sentes conditions g\u00e9n\u00e9rales.<\/p>\n<h4>droits d&#039;auteur<\/h4>\n<p>Tous les \u00e9l\u00e9ments, articles, textes, illustrations, graphiques, images, photographies, visites virtuelles, informations, clips audio ou vid\u00e9o, donn\u00e9es, bases de donn\u00e9es, cartes, fichiers, logiciels et codes disponibles sur le Site Web (le \u00ab\u00a0Contenu\u00a0\u00bb), y compris la mani\u00e8re dans lequel le Contenu est pr\u00e9sent\u00e9, sont prot\u00e9g\u00e9s par les lois canadiennes et \u00e9trang\u00e8res, y compris les lois sur le droit d&#039;auteur, et appartiennent \u00e0 Acquisitex Real Estate Inc., ses soci\u00e9t\u00e9s affili\u00e9es, conc\u00e9dants et\/ou la partie reconnue comme fournisseur de Contenu.<\/p>\n<h5>Vous ne devez pas\u00a0:<\/h5>\n<ul>\n<li>copier, reproduire, modifier, adapter, traduire, t\u00e9l\u00e9charger, distribuer ou transmettre tout ou partie du Contenu\u00a0;<\/li>\n<li>effectuer du &quot;data scraping&quot;, du &quot;database scraping&quot; ou toute autre activit\u00e9 destin\u00e9e \u00e0 collecter, stocker, r\u00e9organiser ou manipuler des donn\u00e9es du Site Web ou de toute partie du Contenu sous quelque forme et par quelque moyen que ce soit\u00a0;<\/li>\n<li>vendre, louer, conc\u00e9der sous licence ou autrement utiliser le contenu \u00e0 des fins commerciales, publiques ou non personnelles\u00a0;<\/li>\n<li>modifier, supprimer ou couvrir toute marque de commerce ou avis de propri\u00e9t\u00e9 inclus dans le contenu\u00a0;<\/li>\n<li>d\u00e9compiler, d\u00e9sassembler, d\u00e9crypter, extraire ou d\u00e9sosser le Site et ses composants, y compris notamment le Contenu, ou aider quiconque \u00e0 le faire\u00a0; ou<\/li>\n<li>utiliser le site Web d&#039;une mani\u00e8re qui pourrait endommager, alt\u00e9rer, surcharger, d\u00e9sactiver ou autrement affecter le site Web ou tout service, compte, serveur, r\u00e9seau, ressource, li\u00e9 ou accessible via le site Web.<\/li>\n<\/ul>\n<h4>Propri\u00e9t\u00e9 Intellectuelle \/ Marques<\/h4>\n<p>Tout le contenu publi\u00e9 et rendu disponible sur notre Site Web est la propri\u00e9t\u00e9 d&#039;Acquisitex Immobilier Inc. et des cr\u00e9ateurs du Site. Cela inclut, mais sans s&#039;y limiter, les images, textes, logos, documents, fichiers t\u00e9l\u00e9chargeables et tout ce qui contribue \u00e0 la composition de notre site Web. De plus, les noms, mots, titres, phrases, logos, dessins, graphiques, ic\u00f4nes et marques de commerce affich\u00e9s sur le site Web peuvent constituer des marques de commerce d&#039;Acquisitex Immobilier Inc. ou d&#039;un tiers. Rien sur le site Web ne doit \u00eatre interpr\u00e9t\u00e9 comme vous accordant une licence ou un droit d&#039;utilisation de tout logo, dessin ou marque de commerce d&#039;Acquisitex Real Estate Inc. ou d&#039;un tiers.<\/p>\n<h4>Contributions des utilisateurs<\/h4>\n<ul>\n<li>Les utilisateurs peuvent publier ou soumettre les informations suivantes sur notre site Web\u00a0:<\/li>\n<li>Propri\u00e9t\u00e9s \u00e0 vendre ou \u00e0 louer;<\/li>\n<li>Messages, textes et donn\u00e9es\u00a0;<\/li>\n<li>Photographies;<\/li>\n<li>Vid\u00e9os;<\/li>\n<li>Images;<\/li>\n<li>commentaires publics\u00a0; et<\/li>\n<li>Autre mat\u00e9riel (&quot;Votre contenu&quot;) et interagir avec Acquisitex Immobilier Inc., ses employ\u00e9s, agents, mandataires et autres utilisateurs.<\/li>\n<\/ul>\n<p>En publiant publiquement sur notre site Web, vous acceptez de ne pas agir ill\u00e9galement ou de ne pas enfreindre les pr\u00e9sentes conditions g\u00e9n\u00e9rales. La qualit\u00e9 et l&#039;exactitude de votre contenu rel\u00e8vent de votre enti\u00e8re responsabilit\u00e9 et ne doivent pas violer ou enfreindre les droits d&#039;autrui, y compris la vie priv\u00e9e, la confidentialit\u00e9, les informations personnellement identifiables et les droits de propri\u00e9t\u00e9 intellectuelle, contrevenir \u00e0 toute loi, r\u00e9glementation ou ordonnance gouvernementale, enfreindre tout tiers applicable conditions d&#039;utilisation, ou li\u00e9es \u00e0 un service dont les conditions d&#039;utilisation sont accessibles sur le Site, ou constituent des informations fausses, trompeuses ou autrement ill\u00e9gales.<\/p>\n<p>En utilisant notre site Web, vous acceptez de ne pas utiliser le site Web pour harceler ou abuser, envoyer du spam ou toute communication ind\u00e9sirable, y compris \u00e0 des fins commerciales, ou envoyer des messages ill\u00e9gaux, diffamatoires, obsc\u00e8nes, offensants, mena\u00e7ants, agressifs, abusifs, discriminatoires ou autrement r\u00e9pr\u00e9hensibles. .<\/p>\n<p>Chaque fois que vous publiez votre contenu sur le site Web ou soumettez votre contenu via notre site Web, vous accordez \u00e0 Acquisitex Real Estate Inc. une licence mondiale illimit\u00e9e, irr\u00e9vocable, non exclusive, perp\u00e9tuelle et libre de redevance pour\u00a0:<\/p>\n<ul>\n<li>utiliser, copier, stocker, adapter, traduire, modifier, cr\u00e9er des \u0153uvres d\u00e9riv\u00e9es, transmettre, distribuer et ex\u00e9cuter publiquement Votre Contenu ou le rendre publiquement disponible \u00e0 quelque fin que ce soit\u00a0; et<\/li>\n<li>accorder des sous-licences \u00e0 des tiers pour des droits illimit\u00e9s d&#039;exercer l&#039;un des droits susmentionn\u00e9s.<\/li>\n<li>Outre l&#039;octroi de la licence susmentionn\u00e9e, vous\u00a0:<\/li>\n<li>Acceptez de renoncer \u00e0 tous les droits moraux sur Votre Contenu en faveur d&#039;Acquisitex Immobilier Inc.\u00a0;<\/li>\n<li>Consentement \u00e0 l&#039;apparition de vos nom, adresse et adresse e-mail pour Votre Contenu, le cas \u00e9ch\u00e9ant, et \u00e0 la divulgation et\/ou \u00e0 la publication de ces informations, ainsi que de toute autre information personnelle ou confidentielle vous concernant ou concernant un tiers, qui des informations peuvent \u00eatre trouv\u00e9es dans Votre Contenu\u00a0;<\/li>\n<li>Reconna\u00eetre et accepter qu&#039;Acquisitex Real Estate Inc. ne sera pas responsable de toute perte, dommage ou corruption de Votre Contenu\u00a0; et<\/li>\n<li>Reconna\u00eetre et accepter que les pr\u00e9sentations que vous t\u00e9l\u00e9chargez pour affichage sur le Site ou que vous soumettez \u00e0 Acquisitex Immobilier Inc. ne seront pas consid\u00e9r\u00e9es comme confidentielles.<\/li>\n<\/ul>\n<p>Acquisitex Real Estate Inc. se r\u00e9serve le droit, sans aucune obligation, de surveiller le site Web, votre contenu ou tout contenu accessible via le site Web, \u00e0 sa seule discr\u00e9tion, et de divulguer toute information n\u00e9cessaire afin de se conformer \u00e0 toute loi, r\u00e9glementation ou \u00e0 la demande du gouvernement, dans l&#039;int\u00e9r\u00eat du bon fonctionnement du site Web ou de sa propre protection ou de celle de ses utilisateurs. Acquisitex Real Estate Inc. peut supprimer votre contenu et\/ou r\u00e9silier, limiter ou suspendre votre acc\u00e8s au site Web pour quelque raison que ce soit.<\/p>\n<h4>Liens vers des sites tiers<\/h4>\n<p>Notre site Web peut proposer des biens et des services de tiers. Nous ne pouvons garantir la qualit\u00e9 ou l&#039;exactitude des biens et services mis \u00e0 disposition par des tiers sur notre site Web. Notre site Web contient des liens vers des sites tiers (les \u00ab\u00a0sites tiers\u00a0\u00bb) ou des services que nous ne contr\u00f4lons pas. Nous ne sommes pas responsables du contenu, des politiques ou des pratiques de tout site Web tiers ou service li\u00e9 \u00e0 notre site Web. Il est de votre responsabilit\u00e9 de lire les termes et conditions et les politiques de confidentialit\u00e9 de ces sites Web tiers avant d&#039;utiliser ces sites.<\/p>\n<h4>Limitation de responsabilit\u00e9<\/h4>\n<p>Acquisitex Real Estate Inc. et nos administrateurs, dirigeants, agents, employ\u00e9s, filiales et soci\u00e9t\u00e9s affili\u00e9es ne seront pas responsables des actions, r\u00e9clamations, pertes, dommages, responsabilit\u00e9s et d\u00e9penses, y compris les frais juridiques d\u00e9coulant de votre utilisation du site Web.<\/p>\n<h4>Indemnit\u00e9<\/h4>\n<p>Sauf l\u00e0 o\u00f9 la loi l&#039;interdit, en utilisant ce site Web, vous indemnisez et d\u00e9gagez Acquisitex Real Estate Inc. et nos administrateurs, dirigeants, agents, employ\u00e9s, filiales et soci\u00e9t\u00e9s affili\u00e9es de toute action, r\u00e9clamation, perte, dommage, responsabilit\u00e9 et d\u00e9pense, y compris les frais juridiques. d\u00e9coulant de votre site Web ou de votre violation des pr\u00e9sentes conditions g\u00e9n\u00e9rales.<\/p>\n<h4>Vie priv\u00e9e<\/h4>\n<p>Vous reconnaissez que vos informations personnelles peuvent \u00eatre utilis\u00e9es par le site Web conform\u00e9ment \u00e0 la politique de confidentialit\u00e9 disponible sur : acquisitex.com\/en\/about\/privacy<\/p>\n<p>Si vous avez des questions, des pr\u00e9occupations ou des plaintes concernant vos informations personnelles ou notre politique de confidentialit\u00e9, n&#039;h\u00e9sitez pas \u00e0 nous contacter \u00e0 info@acquisitex.com.<\/p>\n<h4>Droit applicable<\/h4>\n<p>Les pr\u00e9sentes conditions g\u00e9n\u00e9rales, ainsi que votre utilisation du site Web et des services, sont r\u00e9gies par les lois de la province de Qu\u00e9bec et les lois du Canada, ind\u00e9pendamment des principes de conflit de lois. Vous reconnaissez par la pr\u00e9sente que tout litige d\u00e9coulant de ou li\u00e9 \u00e0 votre utilisation du site Web ou des services ou des pr\u00e9sentes conditions g\u00e9n\u00e9rales sera soumis \u00e0 la comp\u00e9tence des tribunaux du district de Montr\u00e9al, province de Qu\u00e9bec.<\/p>\n<h4>Divisibilit\u00e9<\/h4>\n<p>Si, \u00e0 tout moment, l&#039;une des dispositions \u00e9nonc\u00e9es dans les pr\u00e9sentes conditions g\u00e9n\u00e9rales s&#039;av\u00e8re incompatible ou invalide en vertu des lois applicables, ces dispositions seront r\u00e9put\u00e9es nulles et seront supprim\u00e9es des pr\u00e9sentes conditions g\u00e9n\u00e9rales. Toutes les autres dispositions ne seront pas affect\u00e9es par la suppression et le reste des pr\u00e9sentes conditions g\u00e9n\u00e9rales sera toujours consid\u00e9r\u00e9 comme valide.<\/p>\n<h4>Changements<\/h4>\n<p>Ces conditions g\u00e9n\u00e9rales peuvent \u00eatre modifi\u00e9es de temps \u00e0 autre afin de maintenir la conformit\u00e9 avec la loi et de refl\u00e9ter tout changement dans la fa\u00e7on dont nous exploitons notre site Web et la fa\u00e7on dont nous attendons des utilisateurs qu&#039;ils se comportent sur notre site Web. Nous informerons les utilisateurs par e-mail des modifications apport\u00e9es aux pr\u00e9sentes conditions g\u00e9n\u00e9rales ou publierons un avis sur notre site Web.<br \/>\nD\u00e9tails du contact<\/p>\n<p>Veuillez nous contacter si vous avez des questions ou des pr\u00e9occupations en nous envoyant un e-mail \u00e0 <strong>info@acquisitex.com.<\/strong><\/p>","protected":false},"excerpt":{"rendered":"<p>Terms and Conditions Welcome to www.acquisitex.com website (collectively the \u201cWebsite\u201d), which is owned and administered by Acquisitex Real Estate Inc. These terms and conditions (the \u201cTerms and Conditions\u201d) govern the use of www.acquisitex.com (the \u2018\u2019Website\u2019\u2019) and constitute a legal agreement between you and Acquisitex Real Estate Inc. concerning access to and use of the Website. [&hellip;]<\/p>","protected":false},"author":5,"featured_media":0,"parent":0,"menu_order":0,"comment_status":"closed","ping_status":"closed","template":"","meta":[],"_links":{"self":[{"href":"https:\/\/acquisitex.com\/fr\/wp-json\/wp\/v2\/pages\/6143"}],"collection":[{"href":"https:\/\/acquisitex.com\/fr\/wp-json\/wp\/v2\/pages"}],"about":[{"href":"https:\/\/acquisitex.com\/fr\/wp-json\/wp\/v2\/types\/page"}],"author":[{"embeddable":true,"href":"https:\/\/acquisitex.com\/fr\/wp-json\/wp\/v2\/users\/5"}],"replies":[{"embeddable":true,"href":"https:\/\/acquisitex.com\/fr\/wp-json\/wp\/v2\/comments?post=6143"}],"version-history":[{"count":3,"href":"https:\/\/acquisitex.com\/fr\/wp-json\/wp\/v2\/pages\/6143\/revisions"}],"predecessor-version":[{"id":6207,"href":"https:\/\/acquisitex.com\/fr\/wp-json\/wp\/v2\/pages\/6143\/revisions\/6207"}],"wp:attachment":[{"href":"https:\/\/acquisitex.com\/fr\/wp-json\/wp\/v2\/media?parent=6143"}],"curies":[{"name":"wp","href":"https:\/\/api.w.org\/{rel}","templated":true}]}}