{"id":3615,"date":"2020-11-07T09:22:51","date_gmt":"2020-11-07T09:22:51","guid":{"rendered":"https:\/\/acquisitex.com\/?page_id=3615"},"modified":"2021-12-09T17:53:41","modified_gmt":"2021-12-09T17:53:41","slug":"about-us","status":"publish","type":"page","link":"https:\/\/acquisitex.com\/fr\/about-us\/","title":{"rendered":"\u00c0 propos de nous"},"content":{"rendered":"<div data-g5element-full-width=\"true\" class=\"vc_row wpb_row vc_row-fluid vc-col-no-pt vc_custom_1638212885060 vc_row-has-fill\"><div class=\"wpb_column vc_column_container vc_col-sm-12\"><div class=\"vc_column-inner\"><div class=\"wpb_wrapper\"><div class=\"gel-space gel-9175468ede0259de459988be2e063ca8\"><\/div><div class=\"gel-heading gel-heading-style-02 text-center gel-6a047093774ac\">\n\t\t<h2 class=\"gel-heading-title gel-d046a45f66187641cdfc2cad5c3c7e35\">\n\t\t\u00c0 propos de nous\t<\/h2>\n\t\t\t<p class=\"gel-heading-description gel-d046a45f66187641cdfc2cad5c3c7e35\">Qu&#039;est-ce qui fait utiliser une autre forme.<\/p>\n\t<\/div><div class=\"gel-space gel-3e1d17cd4f801571f4808d49386b36ff\"><\/div><\/div><\/div><\/div><\/div><div class=\"vc_row-full-width vc_clearfix\"><\/div><div data-g5element-full-width=\"true\" class=\"vc_row wpb_row vc_row-fluid vc-col-no-pt vc_custom_1638212894427 vc_row-has-fill\"><div class=\"wpb_column vc_column_container vc_col-sm-12\"><div class=\"vc_column-inner\"><div class=\"wpb_wrapper\"><div class=\"gel-space gel-efe2253b0183b4bb993d375149038e4a\"><\/div><div class=\"gel-heading gel-heading-style-02 vc_custom_1638213056989 text-center gel-6a047093779f6\">\n\t\t<h2 class=\"gel-heading-title gel-d23278dbc8b58df35a0278493b2c76d5\">\n\t\tLe confort de la maison, sur la route.\t<\/h2>\n\t<\/div>\n\t<div class=\"wpb_text_column wpb_content_element\" >\n\t\t<div class=\"wpb_wrapper\">\n\t\t\t<p class=\"text-center\" style=\"font-size: 15px; max-width: 830px; margin: 0 auto; color: black;\">Que vous partiez en voyage d&#039;affaires ou que vous d\u00e9m\u00e9nagiez dans une nouvelle ville, trouvez des maisons et des h\u00f4tels de charme avec des avis 5 \u00e9toiles d&#039;autres voyageurs d&#039;affaires.<\/p>\n\n\t\t<\/div>\n\t<\/div>\n<div class=\"gel-space gel-03185f19d3737f4c77552efd81b04924\"><\/div><div class=\"gel-heading gel-heading-style-02 vc_custom_1638213239228 text-center gel-6a04709377b58\">\n\t\t<h2 class=\"gel-heading-title gel-d23278dbc8b58df35a0278493b2c76d5\">\n\t\tLa consolidation d&#039;\u00e9quipe en toute simplicit\u00e9\t<\/h2>\n\t<\/div>\n\t<div class=\"wpb_text_column wpb_content_element\" >\n\t\t<div class=\"wpb_wrapper\">\n\t\t\t<p class=\"text-center\" style=\"font-size: 15px; max-width: 830px; margin: 0 auto; color: black;\">Prenez un cours de fabrication de ramen ou une le\u00e7on de cano\u00eb pour communiquer avec vos coll\u00e8gues en dehors du bureau. Que vous partiez en voyage d&#039;affaires ou que vous d\u00e9m\u00e9nagiez dans une nouvelle ville, trouvez des maisons et des h\u00f4tels de charme avec des avis 5 \u00e9toiles d&#039;autres voyageurs d&#039;affaires.<\/p>\n\n\t\t<\/div>\n\t<\/div>\n<div class=\"gel-space gel-03185f19d3737f4c77552efd81b04924\"><\/div><div class=\"gel-heading gel-heading-style-02 vc_custom_1638213250436 text-center gel-6a04709377c79\">\n\t\t<h2 class=\"gel-heading-title gel-d23278dbc8b58df35a0278493b2c76d5\">\n\t\tDes espaces qui stimulent la cr\u00e9ativit\u00e9\t<\/h2>\n\t<\/div>\n\t<div class=\"wpb_text_column wpb_content_element\" >\n\t\t<div class=\"wpb_wrapper\">\n\t\t\t<p class=\"text-center\" style=\"font-size: 15px; max-width: 830px; margin: 0 auto; color: black;\">Besoin de sortir du site pour la journ\u00e9e ? Collaborez avec votre \u00e9quipe dans un espace de travail con\u00e7u pour vous donner une nouvelle perspective. &quot;Avec Acquisitex, nous pouvons \u00eatre autonomes, comme cuisiner pour nous-m\u00eames plut\u00f4t que de manger au restaurant tous les soirs. Vous vous sentez comme faisant partie de la communaut\u00e9 plut\u00f4t que comme un visiteur.<\/p>\n\n\t\t<\/div>\n\t<\/div>\n<div class=\"gel-btn gel-btn-center\">\n\t<a href=\"https:\/\/acquisitex.com\/fr\/\" class=\"btn btn-md btn-rounded btn-accent\" title=\"Reserve maintenant\">\tReserve maintenant\t<\/a><\/div>\n<div class=\"gel-space gel-03185f19d3737f4c77552efd81b04924\"><\/div><\/div><\/div><\/div><\/div><div class=\"vc_row-full-width vc_clearfix\"><\/div><div class=\"vc_row wpb_row vc_row-fluid vc-col-no-pt\"><div class=\"wpb_column vc_column_container vc_col-sm-12\"><div class=\"vc_column-inner\"><div class=\"wpb_wrapper\"><\/div><\/div><\/div><div class=\"wpb_column vc_column_container vc_col-sm-12\"><div class=\"vc_column-inner\"><div class=\"wpb_wrapper\"><div class=\"gel-heading gel-heading-style-02 text-center\">\n\t\t<h2 class=\"gel-heading-title\">\n\t\tContinuez \u00e0 explorer\t<\/h2>\n\t<\/div><div class=\"gel-space gel-3e1d17cd4f801571f4808d49386b36ff\"><\/div><\/div><\/div><\/div><div class=\"wpb_column vc_column_container vc_col-sm-6 vc_col-lg-3 vc_col-md-3 vc_col-xs-12\"><div class=\"vc_column-inner\"><div class=\"wpb_wrapper\"><div class=\"gel-image-box img-default gel-image-box-style-02  custom-image-box-06 gel-image-box-6a0470937823a\">\n    \t\t<div class=\"image\">\n\t\t\t\t<img alt=\"imgae-box-60\" src=\"https:\/\/acquisitex.com\/wp-content\/uploads\/2021\/03\/imgae-box-60.jpg\">\t\t\t\t\t<\/div>\n<div class=\"content-box\">\n            <h4 class=\"title\">\n                        Rencontrez nos agents                    <\/h4>\n            <\/div><\/div><div class=\"gel-space gel-2e3ef62e6b26806669c9c201686824ba\"><\/div><\/div><\/div><\/div><div class=\"wpb_column vc_column_container vc_col-sm-6 vc_col-lg-3 vc_col-md-3 vc_col-xs-12\"><div class=\"vc_column-inner\"><div class=\"wpb_wrapper\"><div class=\"gel-image-box img-default gel-image-box-style-02  custom-image-box-06 gel-image-box-6a0470937862a\">\n    \t\t<div class=\"image\">\n\t\t\t\t<img alt=\"imgae-box-61\" src=\"https:\/\/acquisitex.com\/wp-content\/uploads\/2021\/03\/imgae-box-61.jpg\">\t\t\t\t\t<\/div>\n<div class=\"content-box\">\n            <h4 class=\"title\">\n                        Vendez votre maison                    <\/h4>\n            <\/div><\/div><div class=\"gel-space gel-2e3ef62e6b26806669c9c201686824ba\"><\/div><\/div><\/div><\/div><div class=\"wpb_column vc_column_container vc_col-sm-6 vc_col-lg-3 vc_col-md-3 vc_col-xs-12\"><div class=\"vc_column-inner\"><div class=\"wpb_wrapper\"><div class=\"gel-image-box img-default gel-image-box-style-02  custom-image-box-06 gel-image-box-6a0470937898a\">\n    \t\t<div class=\"image\">\n\t\t\t\t<img alt=\"imgae-box-62\" src=\"https:\/\/acquisitex.com\/wp-content\/uploads\/2021\/03\/imgae-box-62.jpg\">\t\t\t\t\t<\/div>\n<div class=\"content-box\">\n            <h4 class=\"title\">\n                        Derni\u00e8res nouvelles                    <\/h4>\n            <\/div><\/div><div class=\"gel-space gel-4fd51beb3c288efaaab60af7410cf81d\"><\/div><\/div><\/div><\/div><div class=\"wpb_column vc_column_container vc_col-sm-6 vc_col-lg-3 vc_col-md-3 vc_col-xs-12\"><div class=\"vc_column-inner\"><div class=\"wpb_wrapper\"><div class=\"gel-image-box img-default gel-image-box-style-02  custom-image-box-06 gel-image-box-6a04709378cfb\">\n    \t\t<div class=\"image\">\n\t\t\t\t<img alt=\"imgae-box-63\" src=\"https:\/\/acquisitex.com\/wp-content\/uploads\/2021\/03\/imgae-box-63.jpg\">\t\t\t\t\t<\/div>\n<div class=\"content-box\">\n            <h4 class=\"title\">\n                        Contactez-nous                    <\/h4>\n            <\/div><\/div><\/div><\/div><\/div><div class=\"wpb_column vc_column_container vc_col-sm-12 vc_col-xs-12\"><div class=\"vc_column-inner\"><div class=\"wpb_wrapper\"><div class=\"gel-space gel-d03812b2cd59c0c545008fd58e5ef7e1\"><\/div><\/div><\/div><\/div><\/div>","protected":false},"excerpt":{"rendered":"About Us What's make use different form other. The comforts of home, on the road. Whether you\u2019re going on a business trip or relocating to a new city, find homes and boutique hotels with 5-star reviews from other business travelers. Team-building made easy Take a ramen-making class or a canoeing lesson to connect with your [...]","protected":false},"author":1,"featured_media":0,"parent":0,"menu_order":0,"comment_status":"closed","ping_status":"closed","template":"","meta":[],"_links":{"self":[{"href":"https:\/\/acquisitex.com\/fr\/wp-json\/wp\/v2\/pages\/3615"}],"collection":[{"href":"https:\/\/acquisitex.com\/fr\/wp-json\/wp\/v2\/pages"}],"about":[{"href":"https:\/\/acquisitex.com\/fr\/wp-json\/wp\/v2\/types\/page"}],"author":[{"embeddable":true,"href":"https:\/\/acquisitex.com\/fr\/wp-json\/wp\/v2\/users\/1"}],"replies":[{"embeddable":true,"href":"https:\/\/acquisitex.com\/fr\/wp-json\/wp\/v2\/comments?post=3615"}],"version-history":[{"count":3,"href":"https:\/\/acquisitex.com\/fr\/wp-json\/wp\/v2\/pages\/3615\/revisions"}],"predecessor-version":[{"id":6272,"href":"https:\/\/acquisitex.com\/fr\/wp-json\/wp\/v2\/pages\/3615\/revisions\/6272"}],"wp:attachment":[{"href":"https:\/\/acquisitex.com\/fr\/wp-json\/wp\/v2\/media?parent=3615"}],"curies":[{"name":"wp","href":"https:\/\/api.w.org\/{rel}","templated":true}]}}