{"id":3,"date":"2020-07-08T03:02:17","date_gmt":"2020-07-08T03:02:17","guid":{"rendered":"https:\/\/acquisitex.com\/?page_id=3"},"modified":"2021-11-30T19:41:50","modified_gmt":"2021-11-30T19:41:50","slug":"privacy-policy","status":"publish","type":"page","link":"https:\/\/acquisitex.com\/fr\/privacy-policy\/","title":{"rendered":"Politique de confidentialit\u00e9"},"content":{"rendered":"<h4><strong>Politique de confidentialit\u00e9<\/strong><\/h4>\n<h4><strong>Votre vie priv\u00e9e nous tient \u00e0 c\u0153ur.<\/strong><\/h4>\n<p>Cette d\u00e9claration de confidentialit\u00e9 d\u00e9crit comment nous obtenons des informations, utilisons et prot\u00e9geons les informations, utilisons et \u00e9changeons des informations personnelles vous concernant lorsque vous utilisez nos services (\u00ab\u00a0Services\u00a0\u00bb). &quot;Nous&quot;, &quot;nous&quot; et &quot;Acquisitex Immobilier Inc.&quot; se r\u00e9f\u00e9rer \u00e0 acquisitex.com (collectivement \u00ab\u00a0notre site Web\u00a0\u00bb) et \u00e0 l&#039;une de nos soci\u00e9t\u00e9s affili\u00e9es et partenaires. Cette politique de confidentialit\u00e9 est destin\u00e9e aux utilisateurs de nos Services. \u00c0 des fins de transparence, nous divulguerons dans cette politique quel type d&#039;informations personnelles peuvent \u00eatre collect\u00e9es aupr\u00e8s de vous, pourquoi nous les collectons, comment nous les utilisons et dans quelles situations nous pouvons les partager avec des tiers.<\/p>\n<h4><strong>Quelles donn\u00e9es nous collectons et pourquoi<\/strong><\/h4>\n<p>Sur notre site Web et lors de la prestation de nos services, nous utilisons des cookies et des technologies de suivi similaires. Ces technologies collectent des informations sur vos visites sur nos sites Web, telles que votre adresse IP, votre mod\u00e8le d&#039;ordinateur, votre syst\u00e8me d&#039;exploitation, le type de navigateur et d&#039;autres donn\u00e9es similaires. Ils suivent \u00e9galement l&#039;activit\u00e9 Internet et \u00e9lectronique, comme le temps que vous passez sur notre site Web, les sites que vous visitez et les liens que vous s\u00e9lectionnez. Les technologies de suivi nous permettent de lier votre activit\u00e9 sur le site Web \u00e0 votre compte lorsque vous vous connectez \u00e0 notre site Web.<\/p>\n<p>Lorsque vous cr\u00e9ez un compte, nous recueillons votre nom et votre adresse e-mail. Si vous fournissez des d\u00e9tails sur votre agence immobili\u00e8re, nous collecterons vos informations professionnelles. Nous collectons d&#039;autres informations personnelles que vous choisissez de fournir, telles qu&#039;une photo, t\u00e9l\u00e9chargez une photo de profil et le sexe, pour les fournir \u00e0 nos services de recherche de colocataires. Nous recueillons des informations sur votre activit\u00e9 Internet ou \u00e9lectronique pendant que vous \u00eates connect\u00e9, comme l&#039;endroit o\u00f9 vous cliquez lorsque vous utilisez nos Services.<\/p>\n<p>Lorsque vous payez pour publier une annonce, vous devenez un client. En plus des informations recueillies lors de la cr\u00e9ation d&#039;un compte, nous collectons les num\u00e9ros de carte de d\u00e9bit ou de cr\u00e9dit et les adresses postales. De plus, pour des raisons de s\u00e9curit\u00e9, nous v\u00e9rifions votre identit\u00e9 \u00e0 l&#039;aide d&#039;une pi\u00e8ce d&#039;identit\u00e9 gouvernementale telle qu&#039;un passeport ou un permis de conduire. Vos informations d&#039;identit\u00e9 gouvernementale ne sont ni conserv\u00e9es ni stock\u00e9es par nous.<\/p>\n<h4>Nous pouvons utiliser les informations fournies pour\u00a0:<\/h4>\n<ul>\n<li>Fournir des services\n<ul>\n<li>Vous authentifier lorsque vous vous connectez, vous permettre de communiquer avec d&#039;autres utilisateurs, et d&#039;exploiter et de maintenir les Services<\/li>\n<li>Communiquer avec vous sur les Services<\/li>\n<li>Fournir une assistance aux utilisateurs pour r\u00e9soudre les probl\u00e8mes techniques que vous rencontrez, r\u00e9pondre \u00e0 vos demandes d&#039;assistance, analyser les informations, r\u00e9parer et am\u00e9liorer les Services<\/li>\n<\/ul>\n<\/li>\n<li>Commercialisation\n<ul>\n<li>Envoyez un e-mail aux abonn\u00e9s \u00e0 la newsletter avec des mises \u00e0 jour sur les fonctionnalit\u00e9s des services<\/li>\n<\/ul>\n<\/li>\n<li>Recherche interne\n<ul>\n<li>Analyser les donn\u00e9es d&#039;activit\u00e9 des utilisateurs pour d\u00e9terminer o\u00f9 nous devons am\u00e9liorer l&#039;exp\u00e9rience utilisateur et client<\/li>\n<\/ul>\n<\/li>\n<li>D\u00e9tecter les incidents de s\u00e9curit\u00e9\n<ul>\n<li>V\u00e9rifiez les comptes et les op\u00e9rations, gardez un \u0153il sur les activit\u00e9s ill\u00e9gales ou frauduleuses et signalez les violations des politiques des services.<\/li>\n<\/ul>\n<\/li>\n<\/ul>\n<p>Nous pouvons modifier ou compl\u00e9ter cette politique de temps \u00e0 autre, nous vous encourageons donc \u00e0 la consulter p\u00e9riodiquement. Si nous apportons des modifications, nous vous en informerons en r\u00e9visant la date en haut de cette politique.<\/p>\n<h4><strong>Cookies, balises Web et autres technologies de suivi<\/strong><\/h4>\n<p>Notre site Web utilise des \u00ab cookies \u00bb, qui sont de petits fichiers de donn\u00e9es qui enregistrent les pr\u00e9f\u00e9rences de l&#039;utilisateur sur votre disque dur. Les cookies peuvent \u00eatre utilis\u00e9s pour am\u00e9liorer ou personnaliser votre exp\u00e9rience en ligne. Par exemple, nous pouvons utiliser des cookies pour vous reconna\u00eetre lorsque vous revenez sur notre site Web pour activer certaines fonctionnalit\u00e9s du site Web.<\/p>\n<p>La plupart des navigateurs sont configur\u00e9s pour accepter les cookies par d\u00e9faut. Vous pouvez configurer votre navigateur pour accepter ou refuser tous les cookies ou m\u00eame vous avertir lorsqu&#039;un cookie est envoy\u00e9. Cependant, si vous n&#039;acceptez pas les cookies, certaines fonctionnalit\u00e9s de notre site Web peuvent ne pas \u00eatre disponibles et sa fonctionnalit\u00e9 peut \u00eatre affect\u00e9e.<\/p>\n<h4><strong>Serveurs publicitaires tiers<\/strong><\/h4>\n<p>Nous travaillons avec des soci\u00e9t\u00e9s tierces qui utilisent des technologies de suivi pour vous proposer des publicit\u00e9s personnalis\u00e9es en notre nom et au nom d&#039;autres annonceurs sur le Web et pour nous fournir des services d&#039;analyse. Ces soci\u00e9t\u00e9s peuvent collecter des informations sur votre activit\u00e9 sur notre site Web et utiliser ces informations pour, entre autres, analyser et suivre les donn\u00e9es, d\u00e9terminer la popularit\u00e9 de certains contenus, diffuser des publicit\u00e9s et des contenus cibl\u00e9s sur vos int\u00e9r\u00eats.<\/p>\n<h4><strong>Stockage des informations personnelles<\/strong><\/h4>\n<p>Nous utilisons, traitons et stockons les informations personnelles aussi longtemps que n\u00e9cessaire aux fins d\u00e9crites dans la pr\u00e9sente politique, sauf si une conservation plus longue est requise par la loi. Nous faisons de notre mieux pour vous fournir un environnement en ligne s\u00fbr, c&#039;est pourquoi nous avons mis en place des mesures de protection pour aider \u00e0 prot\u00e9ger la s\u00e9curit\u00e9 et la confidentialit\u00e9 de vos informations personnelles.<\/p>\n<h4><strong>Contactez-nous<\/strong><\/h4>\n<p>Si vous avez des questions ou des pr\u00e9occupations au sujet de cette politique, veuillez nous envoyer un courriel \u00e0\u00a0<a href=\"mailto:info@acquisitex.com\"><strong>info@acquisitex.com<\/strong><\/a><strong>. <\/strong>\u00a0<\/p>","protected":false},"excerpt":{"rendered":"<p>Privacy Policy Your privacy matters to us. This privacy statement describes how we get information, use, and safeguard information, use, and exchange personal information of you when you use our services (&#8220;Services&#8221;). &#8220;We,&#8221; &#8220;us,&#8221; and &#8220;Acquisitex Real Estate Inc.&#8221; refer to acquisitex.com (collectively \u201cour Website\u201d), and any of our corporate affiliates and partners. This privacy [&hellip;]<\/p>","protected":false},"author":1,"featured_media":0,"parent":0,"menu_order":0,"comment_status":"closed","ping_status":"open","template":"","meta":[],"_links":{"self":[{"href":"https:\/\/acquisitex.com\/fr\/wp-json\/wp\/v2\/pages\/3"}],"collection":[{"href":"https:\/\/acquisitex.com\/fr\/wp-json\/wp\/v2\/pages"}],"about":[{"href":"https:\/\/acquisitex.com\/fr\/wp-json\/wp\/v2\/types\/page"}],"author":[{"embeddable":true,"href":"https:\/\/acquisitex.com\/fr\/wp-json\/wp\/v2\/users\/1"}],"replies":[{"embeddable":true,"href":"https:\/\/acquisitex.com\/fr\/wp-json\/wp\/v2\/comments?post=3"}],"version-history":[{"count":3,"href":"https:\/\/acquisitex.com\/fr\/wp-json\/wp\/v2\/pages\/3\/revisions"}],"predecessor-version":[{"id":6204,"href":"https:\/\/acquisitex.com\/fr\/wp-json\/wp\/v2\/pages\/3\/revisions\/6204"}],"wp:attachment":[{"href":"https:\/\/acquisitex.com\/fr\/wp-json\/wp\/v2\/media?parent=3"}],"curies":[{"name":"wp","href":"https:\/\/api.w.org\/{rel}","templated":true}]}}